

{"id":21,"date":"2022-07-06T10:14:28","date_gmt":"2022-07-06T10:14:28","guid":{"rendered":"https:\/\/2022report.imma.ie\/ga\/?page_id=21"},"modified":"2023-12-18T12:10:00","modified_gmt":"2023-12-18T12:10:00","slug":"acquisitions-in-2022","status":"publish","type":"page","link":"https:\/\/2022report.imma.ie\/ga\/imma-collection\/acquisitions-in-2022\/","title":{"rendered":"Saothair a ceanna\u00edodh do Bhaili\u00fach\u00e1n an IMMA in 2022"},"content":{"rendered":"","protected":false},"excerpt":{"rendered":"","protected":false},"author":1,"featured_media":1488,"parent":412,"menu_order":0,"comment_status":"closed","ping_status":"closed","template":"","meta":{"footnotes":""},"class_list":["post-21","page","type-page","status-publish","has-post-thumbnail","hentry"],"acf":[],"_links":{"self":[{"href":"https:\/\/2022report.imma.ie\/ga\/wp-json\/wp\/v2\/pages\/21","targetHints":{"allow":["GET"]}}],"collection":[{"href":"https:\/\/2022report.imma.ie\/ga\/wp-json\/wp\/v2\/pages"}],"about":[{"href":"https:\/\/2022report.imma.ie\/ga\/wp-json\/wp\/v2\/types\/page"}],"author":[{"embeddable":true,"href":"https:\/\/2022report.imma.ie\/ga\/wp-json\/wp\/v2\/users\/1"}],"replies":[{"embeddable":true,"href":"https:\/\/2022report.imma.ie\/ga\/wp-json\/wp\/v2\/comments?post=21"}],"version-history":[{"count":59,"href":"https:\/\/2022report.imma.ie\/ga\/wp-json\/wp\/v2\/pages\/21\/revisions"}],"predecessor-version":[{"id":1818,"href":"https:\/\/2022report.imma.ie\/ga\/wp-json\/wp\/v2\/pages\/21\/revisions\/1818"}],"up":[{"embeddable":true,"href":"https:\/\/2022report.imma.ie\/ga\/wp-json\/wp\/v2\/pages\/412"}],"wp:featuredmedia":[{"embeddable":true,"href":"https:\/\/2022report.imma.ie\/ga\/wp-json\/wp\/v2\/media\/1488"}],"wp:attachment":[{"href":"https:\/\/2022report.imma.ie\/ga\/wp-json\/wp\/v2\/media?parent=21"}],"curies":[{"name":"wp","href":"https:\/\/api.w.org\/{rel}","templated":true}]}}