

{"id":412,"date":"2022-07-21T09:46:16","date_gmt":"2022-07-21T09:46:16","guid":{"rendered":"https:\/\/2022report.imma.ie\/ga\/?page_id=412"},"modified":"2025-02-11T14:57:01","modified_gmt":"2025-02-11T14:57:01","slug":"imma-collection","status":"publish","type":"page","link":"https:\/\/2022report.imma.ie\/ga\/imma-collection\/","title":{"rendered":"Baili\u00fach\u00e1in &#038; Taispe\u00e1ntais IMMA"},"content":{"rendered":"","protected":false},"excerpt":{"rendered":"","protected":false},"author":1,"featured_media":0,"parent":0,"menu_order":0,"comment_status":"closed","ping_status":"closed","template":"","meta":{"footnotes":""},"class_list":["post-412","page","type-page","status-publish","hentry"],"acf":[],"_links":{"self":[{"href":"https:\/\/2022report.imma.ie\/ga\/wp-json\/wp\/v2\/pages\/412","targetHints":{"allow":["GET"]}}],"collection":[{"href":"https:\/\/2022report.imma.ie\/ga\/wp-json\/wp\/v2\/pages"}],"about":[{"href":"https:\/\/2022report.imma.ie\/ga\/wp-json\/wp\/v2\/types\/page"}],"author":[{"embeddable":true,"href":"https:\/\/2022report.imma.ie\/ga\/wp-json\/wp\/v2\/users\/1"}],"replies":[{"embeddable":true,"href":"https:\/\/2022report.imma.ie\/ga\/wp-json\/wp\/v2\/comments?post=412"}],"version-history":[{"count":43,"href":"https:\/\/2022report.imma.ie\/ga\/wp-json\/wp\/v2\/pages\/412\/revisions"}],"predecessor-version":[{"id":1874,"href":"https:\/\/2022report.imma.ie\/ga\/wp-json\/wp\/v2\/pages\/412\/revisions\/1874"}],"wp:attachment":[{"href":"https:\/\/2022report.imma.ie\/ga\/wp-json\/wp\/v2\/media?parent=412"}],"curies":[{"name":"wp","href":"https:\/\/api.w.org\/{rel}","templated":true}]}}