

{"id":662,"date":"2022-08-18T12:01:52","date_gmt":"2022-08-18T12:01:52","guid":{"rendered":"https:\/\/2022report.imma.ie\/ga\/?page_id=662"},"modified":"2023-12-18T12:56:22","modified_gmt":"2023-12-18T12:56:22","slug":"loans-from-the-collection","status":"publish","type":"page","link":"https:\/\/2022report.imma.ie\/ga\/imma-collection\/loans-from-the-collection\/","title":{"rendered":"Iasachta\u00ed \u00f3n mBaili\u00fach\u00e1n"},"content":{"rendered":"","protected":false},"excerpt":{"rendered":"","protected":false},"author":1,"featured_media":0,"parent":412,"menu_order":0,"comment_status":"closed","ping_status":"closed","template":"","meta":{"footnotes":""},"class_list":["post-662","page","type-page","status-publish","hentry"],"acf":[],"_links":{"self":[{"href":"https:\/\/2022report.imma.ie\/ga\/wp-json\/wp\/v2\/pages\/662","targetHints":{"allow":["GET"]}}],"collection":[{"href":"https:\/\/2022report.imma.ie\/ga\/wp-json\/wp\/v2\/pages"}],"about":[{"href":"https:\/\/2022report.imma.ie\/ga\/wp-json\/wp\/v2\/types\/page"}],"author":[{"embeddable":true,"href":"https:\/\/2022report.imma.ie\/ga\/wp-json\/wp\/v2\/users\/1"}],"replies":[{"embeddable":true,"href":"https:\/\/2022report.imma.ie\/ga\/wp-json\/wp\/v2\/comments?post=662"}],"version-history":[{"count":20,"href":"https:\/\/2022report.imma.ie\/ga\/wp-json\/wp\/v2\/pages\/662\/revisions"}],"predecessor-version":[{"id":1840,"href":"https:\/\/2022report.imma.ie\/ga\/wp-json\/wp\/v2\/pages\/662\/revisions\/1840"}],"up":[{"embeddable":true,"href":"https:\/\/2022report.imma.ie\/ga\/wp-json\/wp\/v2\/pages\/412"}],"wp:attachment":[{"href":"https:\/\/2022report.imma.ie\/ga\/wp-json\/wp\/v2\/media?parent=662"}],"curies":[{"name":"wp","href":"https:\/\/api.w.org\/{rel}","templated":true}]}}