

{"id":725,"date":"2022-08-26T14:47:12","date_gmt":"2022-08-26T14:47:12","guid":{"rendered":"https:\/\/2022report.imma.ie\/ga\/?page_id=725"},"modified":"2025-02-11T15:00:04","modified_gmt":"2025-02-11T15:00:04","slug":"activities","status":"publish","type":"page","link":"https:\/\/2022report.imma.ie\/ga\/activities\/","title":{"rendered":"Gn\u00edomha\u00edochta\u00ed"},"content":{"rendered":"","protected":false},"excerpt":{"rendered":"","protected":false},"author":1,"featured_media":0,"parent":0,"menu_order":0,"comment_status":"closed","ping_status":"closed","template":"","meta":{"footnotes":""},"class_list":["post-725","page","type-page","status-publish","hentry"],"acf":[],"_links":{"self":[{"href":"https:\/\/2022report.imma.ie\/ga\/wp-json\/wp\/v2\/pages\/725","targetHints":{"allow":["GET"]}}],"collection":[{"href":"https:\/\/2022report.imma.ie\/ga\/wp-json\/wp\/v2\/pages"}],"about":[{"href":"https:\/\/2022report.imma.ie\/ga\/wp-json\/wp\/v2\/types\/page"}],"author":[{"embeddable":true,"href":"https:\/\/2022report.imma.ie\/ga\/wp-json\/wp\/v2\/users\/1"}],"replies":[{"embeddable":true,"href":"https:\/\/2022report.imma.ie\/ga\/wp-json\/wp\/v2\/comments?post=725"}],"version-history":[{"count":45,"href":"https:\/\/2022report.imma.ie\/ga\/wp-json\/wp\/v2\/pages\/725\/revisions"}],"predecessor-version":[{"id":1875,"href":"https:\/\/2022report.imma.ie\/ga\/wp-json\/wp\/v2\/pages\/725\/revisions\/1875"}],"wp:attachment":[{"href":"https:\/\/2022report.imma.ie\/ga\/wp-json\/wp\/v2\/media?parent=725"}],"curies":[{"name":"wp","href":"https:\/\/api.w.org\/{rel}","templated":true}]}}